{"id":106,"date":"2022-08-15T14:26:10","date_gmt":"2022-08-15T17:26:10","guid":{"rendered":"https:\/\/www.dievalejuliana.com.br\/blog\/?page_id=106"},"modified":"2022-08-15T18:56:58","modified_gmt":"2022-08-15T21:56:58","slug":"carta-aos-discentes","status":"publish","type":"page","link":"https:\/\/www.dievalejuliana.com.br\/blog\/apresentacao\/carta-aos-discentes\/","title":{"rendered":"Carta aos Discentes"},"content":{"rendered":"\n<p>Caras e caros estudantes,<\/p>\n\n\n\n<p>&nbsp;&nbsp;&nbsp;&nbsp;&nbsp;&nbsp;&nbsp;&nbsp;&nbsp;&nbsp;&nbsp;&nbsp;&nbsp;&nbsp;&nbsp; Queremos nos apresentar como candidatos \u00e0 Dire\u00e7\u00e3o do Setor de Educa\u00e7\u00e3o Profissional e Tecnol\u00f3gica. Formamos a chapa \u201cAvan\u00e7a SEPT\u201d, composta pelos Prof. Dr. Dieval Guizelini e Prof\u00aa Dr\u00aa Juliana da Silva Passos.<\/p>\n\n\n\n<p>&nbsp;&nbsp;&nbsp;&nbsp;&nbsp;&nbsp;&nbsp;&nbsp;&nbsp;&nbsp;&nbsp;&nbsp;&nbsp;&nbsp;&nbsp; Inicialmente, destacamos que temos hist\u00f3rias, interesses comuns e complementares com o SEPT e, acima de tudo, o compromisso declarado publicamente com a democracia e com uma gest\u00e3o participativa e democr\u00e1tica.<\/p>\n\n\n\n<p>&nbsp;&nbsp;&nbsp;&nbsp;&nbsp;&nbsp;&nbsp;&nbsp;&nbsp;&nbsp;&nbsp;&nbsp;&nbsp;&nbsp;&nbsp; Nos orgulha podermos afirmar, e comprovar atrav\u00e9s das nossas trajet\u00f3rias, que conhecemos e vivemos a Universidade Federal do Paran\u00e1 a partir de diversas perspectivas. Fomos estudantes de n\u00edvel m\u00e9dio, t\u00e9cnico, gradua\u00e7\u00e3o e p\u00f3s-gradua\u00e7\u00e3o, participamos dos Centros Acad\u00eamicos e dos movimentos estudantis, defendemos os direitos e interesses dos discentes e, acima de tudo, respeitamos as normas e legisla\u00e7\u00f5es vigentes. Esse \u00e9 um dos pontos mais importantes para nossa atua\u00e7\u00e3o \u00e0 frente da dire\u00e7\u00e3o do setor: lutar, efetivamente, para que voc\u00eas tenham acesso ao ensino p\u00fablico, de qualidade e gratuito, e, mais do que isso, tenham a oportunidade, se assim desejarem, <strong>de viverem as diferentes experi\u00eancias <\/strong>que a UFPR, uma universidade centen\u00e1ria, pode proporcionar.<\/p>\n\n\n\n<p>&nbsp;&nbsp;&nbsp;&nbsp;&nbsp;&nbsp;&nbsp;&nbsp;&nbsp;&nbsp;&nbsp;&nbsp;&nbsp;&nbsp;&nbsp; Aproveitando o tema, a partir das nossas viv\u00eancias nos movimentos estudantis e na institui\u00e7\u00e3o, sugerimos que aproveitem e explorem o ambiente plural da universidade. Encontraremos colegas, professores e demais servidores com opini\u00f5es t\u00e3o diversas quanto suas pr\u00f3prias hist\u00f3rias. E \u00e9 a partir de suas experi\u00eancias, tanto pr\u00e9vias quanto nas intera\u00e7\u00f5es dentro e fora da universidade, que voc\u00eas \u2013 indiv\u00edduos em constru\u00e7\u00e3o e evolu\u00e7\u00e3o, como todos n\u00f3s \u2013 construir\u00e3o tamb\u00e9m um repert\u00f3rio que lhes permita tomar as melhores decis\u00f5es. Questionem. Busquem informa\u00e7\u00f5es e opini\u00f5es diversas para n\u00e3o tomar decis\u00f5es baseadas em apenas um ponto de vista. Essa \u00e9 uma atitude desej\u00e1vel n\u00e3o apenas neste momento de elei\u00e7\u00f5es \u2013 no setor e fora dele. A educa\u00e7\u00e3o deve sempre fomentar o pensamento cr\u00edtico, instigar as pessoas a analisarem o contexto e as perspectivas diversas, a participa\u00e7\u00e3o e o debate de ideias visando o bem coletivo e o processo democr\u00e1tico \u2013 na universidade e na vida.<\/p>\n\n\n\n<p>&nbsp;&nbsp;&nbsp;&nbsp;&nbsp;&nbsp;&nbsp;&nbsp;&nbsp;&nbsp;&nbsp;&nbsp;&nbsp;&nbsp;&nbsp; Pedimos que procurem nos conhecer e se informem sobre n\u00f3s, sobre nossa atua\u00e7\u00e3o e conduta pessoal e profissional no SEPT.<\/p>\n\n\n\n<p>&nbsp;&nbsp;&nbsp;&nbsp;&nbsp;&nbsp;&nbsp;&nbsp;&nbsp;&nbsp;&nbsp;&nbsp;&nbsp;&nbsp;&nbsp; Em 19 de dezembro de 2022, a Universidade Federal do Paran\u00e1 completar\u00e1 110 anos de uma hist\u00f3ria constru\u00edda por estudantes, servidores e docentes, tendo como miss\u00e3o \u201cfomentar, construir e disseminar o conhecimento, contribuindo de forma significativa para a constru\u00e7\u00e3o de uma sociedade cr\u00edtica, equ\u00e2nime e solid\u00e1ria\u201d. Somos uma institui\u00e7\u00e3o complexa, que respeita e defende a diverg\u00eancia de ideias, o di\u00e1logo, o debate e a democracia. A UFPR \u00e9 fisicamente segmentada por 14 setores, onde cada unidade setorial representa uma \u00e1rea do conhecimento, um campus ou uma especificidade que o torna \u00fanico. O SEPT \u00e9 um deles: setor que nasceu <strong>com a voca\u00e7\u00e3o e com experi\u00eancia na educa\u00e7\u00e3o profissional e tecnol\u00f3gica<\/strong>, multidisciplinar por natureza e defini\u00e7\u00e3o.<\/p>\n\n\n\n<p>&nbsp;&nbsp;&nbsp;&nbsp;&nbsp;&nbsp;&nbsp;&nbsp;&nbsp;&nbsp;&nbsp;&nbsp;&nbsp;&nbsp;&nbsp; Nosso setor, como setores e campi avan\u00e7ados do interior e litoral, temos muito da diversidade natural da Universidade, mas concentrada em um espa\u00e7o menor, o que favorece maior conv\u00edvio de pessoas com diferentes \u00e1reas de forma\u00e7\u00e3o, interesses e trajet\u00f3rias pessoais. Portanto, devemos procurar compreender e fortalecer o di\u00e1logo para superar conflitos pontuais. Alguns, por vezes, s\u00e3o frutos de car\u00eancias hist\u00f3ricas da Universidade, tais como a falta de espa\u00e7os e recursos. Outros, s\u00e3o resultados de op\u00e7\u00f5es e decis\u00f5es tomadas de forma que consideramos pouco democr\u00e1ticas. Sim, decis\u00f5es monocr\u00e1ticas ocorreram v\u00e1rias vezes na hist\u00f3ria do Setor e da Universidade. Mas, devemos destacar que essas ocorr\u00eancias, quase sempre, foram oportunizadas em momentos de grande fragilidade, nos quais faltaram a uni\u00e3o e o di\u00e1logo entre os membros da nossa comunidade (alunos, professores e servidores). Combater essas fragilidades \u00e9, em grande parte, o que nos levou a propor a chapa <em>Avan\u00e7a SEPT<\/em>.<\/p>\n\n\n\n<p>&nbsp;&nbsp;&nbsp;&nbsp;&nbsp;&nbsp;&nbsp;&nbsp;&nbsp;&nbsp;&nbsp;&nbsp;&nbsp;&nbsp;&nbsp; Estamos cientes de que os pr\u00f3ximos anos n\u00e3o ser\u00e3o f\u00e1ceis e que nos reservam grandes desafios, consequ\u00eancias diretas da pandemia e das pol\u00edticas adotadas. Os pilares da nossa proposta para enfrentarmos essas amea\u00e7as s\u00e3o: a uni\u00e3o, o respeito, muito trabalho e dedica\u00e7\u00e3o. Iniciativas, atitudes e a\u00e7\u00f5es para superarmos mais esse momento sombrio em que a educa\u00e7\u00e3o brasileira foi inserida. Precisamos agir conjuntamente, com reflex\u00e3o e respeito, para resgatar e fortalecer a educa\u00e7\u00e3o, a ci\u00eancia, o trabalho e a sociedade.<\/p>\n\n\n\n<p>&nbsp;&nbsp;&nbsp;&nbsp;&nbsp;&nbsp;&nbsp;&nbsp;&nbsp;&nbsp;&nbsp;&nbsp;&nbsp;&nbsp;&nbsp; Contamos com seu voto n\u00e3o como um voto de confian\u00e7a, mas como um compromisso de dedica\u00e7\u00e3o e de parceria, para que se juntem a n\u00f3s hoje e nos pr\u00f3ximos anos para enfrentarmos desafios e construirmos o nosso futuro, do SEPT e da sociedade.<\/p>\n\n\n\n<p class=\"has-text-align-right\">Curitiba, 15 de agosto de 2022.<\/p>\n\n\n\n<p>Estamos criando e formando nossas redes sociais, n\u00e3o deixem de visit\u00e1-las:<\/p>\n\n\n\n<p>Site: <a href=\"https:\/\/www.dievalejuliana.com.br\/blog\/\">https:\/\/www.dievalejuliana.com.br\/blog\/<\/a><br>Instagram: <a href=\"https:\/\/www.instagram.com\/avancasept\/\">https:\/\/www.instagram.com\/avancasept\/<\/a><br>Facebook: <a href=\"https:\/\/www.facebook.com\/avancasept\">https:\/\/www.facebook.com\/avancasept<\/a><\/p>\n\n\n\n<p class=\"has-text-align-center\">Prof. Dr. Dieval Guizelini e Prof\u00aa Dr\u00aa Juliana da Silva Passos<br>Candidatos a Dire\u00e7\u00e3o do SEPT<br>Gest\u00e3o 2022 a 2026<\/p>\n","protected":false},"excerpt":{"rendered":"<p>Caras e caros estudantes, &nbsp;&nbsp;&nbsp;&nbsp;&nbsp;&nbsp;&nbsp;&nbsp;&nbsp;&nbsp;&nbsp;&nbsp;&nbsp;&nbsp;&nbsp; Queremos nos apresentar como candidatos \u00e0 Dire\u00e7\u00e3o do Setor de Educa\u00e7\u00e3o Profissional e Tecnol\u00f3gica. Formamos a chapa \u201cAvan\u00e7a SEPT\u201d, composta pelos Prof. Dr. Dieval Guizelini&#8230;<\/p>\n","protected":false},"author":1,"featured_media":0,"parent":2,"menu_order":3,"comment_status":"closed","ping_status":"closed","template":"","meta":{"footnotes":""},"class_list":["post-106","page","type-page","status-publish","hentry","entry"],"_links":{"self":[{"href":"https:\/\/www.dievalejuliana.com.br\/blog\/wp-json\/wp\/v2\/pages\/106","targetHints":{"allow":["GET"]}}],"collection":[{"href":"https:\/\/www.dievalejuliana.com.br\/blog\/wp-json\/wp\/v2\/pages"}],"about":[{"href":"https:\/\/www.dievalejuliana.com.br\/blog\/wp-json\/wp\/v2\/types\/page"}],"author":[{"embeddable":true,"href":"https:\/\/www.dievalejuliana.com.br\/blog\/wp-json\/wp\/v2\/users\/1"}],"replies":[{"embeddable":true,"href":"https:\/\/www.dievalejuliana.com.br\/blog\/wp-json\/wp\/v2\/comments?post=106"}],"version-history":[{"count":2,"href":"https:\/\/www.dievalejuliana.com.br\/blog\/wp-json\/wp\/v2\/pages\/106\/revisions"}],"predecessor-version":[{"id":108,"href":"https:\/\/www.dievalejuliana.com.br\/blog\/wp-json\/wp\/v2\/pages\/106\/revisions\/108"}],"up":[{"embeddable":true,"href":"https:\/\/www.dievalejuliana.com.br\/blog\/wp-json\/wp\/v2\/pages\/2"}],"wp:attachment":[{"href":"https:\/\/www.dievalejuliana.com.br\/blog\/wp-json\/wp\/v2\/media?parent=106"}],"curies":[{"name":"wp","href":"https:\/\/api.w.org\/{rel}","templated":true}]}}