{"id":2,"date":"2022-07-20T19:30:29","date_gmt":"2022-07-20T19:30:29","guid":{"rendered":"http:\/\/www.dievalejuliana.com.br\/blog\/?page_id=2"},"modified":"2022-08-01T15:27:34","modified_gmt":"2022-08-01T18:27:34","slug":"apresentacao","status":"publish","type":"page","link":"https:\/\/www.dievalejuliana.com.br\/blog\/apresentacao\/","title":{"rendered":"Apresenta\u00e7\u00e3o"},"content":{"rendered":"\n<p>Ol\u00e1,<\/p>\n\n\n\n<p>estamos na fase inicial de desenvolvimento desse canal de comunica\u00e7\u00e3o, ele est\u00e1 sendo constru\u00eddo para registrarmos algumas ideias, nossas inten\u00e7\u00f5es e principalmente, para reuniu em um lugar, a mem\u00f3ria desse grande momento que estamos passando.<\/p>\n\n\n\n<p>Leia nossa &#8220;<a href=\"https:\/\/www.dievalejuliana.com.br\/blog\/apresentacao\/carta-aberta\/\" data-type=\"page\" data-id=\"35\">Carta Aberta a Comunidade do SEPT\/UFPR<\/a>&#8221; e nossas &#8220;<a href=\"https:\/\/www.dievalejuliana.com.br\/blog\/apresentacao\/nossas-propostas\/\" data-type=\"page\" data-id=\"32\">Propostas<\/a>&#8220;.<\/p>\n\n\n\n<p><\/p>\n\n\n\n<p><\/p>\n\n\n\n<p><\/p>\n\n\n\n<p><\/p>\n","protected":false},"excerpt":{"rendered":"<p>Ol\u00e1, estamos na fase inicial de desenvolvimento desse canal de comunica\u00e7\u00e3o, ele est\u00e1 sendo constru\u00eddo para registrarmos algumas ideias, nossas inten\u00e7\u00f5es e principalmente, para reuniu em um lugar, a mem\u00f3ria&#8230;<\/p>\n","protected":false},"author":1,"featured_media":0,"parent":0,"menu_order":1,"comment_status":"closed","ping_status":"open","template":"","meta":{"footnotes":""},"class_list":["post-2","page","type-page","status-publish","hentry","entry"],"_links":{"self":[{"href":"https:\/\/www.dievalejuliana.com.br\/blog\/wp-json\/wp\/v2\/pages\/2","targetHints":{"allow":["GET"]}}],"collection":[{"href":"https:\/\/www.dievalejuliana.com.br\/blog\/wp-json\/wp\/v2\/pages"}],"about":[{"href":"https:\/\/www.dievalejuliana.com.br\/blog\/wp-json\/wp\/v2\/types\/page"}],"author":[{"embeddable":true,"href":"https:\/\/www.dievalejuliana.com.br\/blog\/wp-json\/wp\/v2\/users\/1"}],"replies":[{"embeddable":true,"href":"https:\/\/www.dievalejuliana.com.br\/blog\/wp-json\/wp\/v2\/comments?post=2"}],"version-history":[{"count":4,"href":"https:\/\/www.dievalejuliana.com.br\/blog\/wp-json\/wp\/v2\/pages\/2\/revisions"}],"predecessor-version":[{"id":38,"href":"https:\/\/www.dievalejuliana.com.br\/blog\/wp-json\/wp\/v2\/pages\/2\/revisions\/38"}],"wp:attachment":[{"href":"https:\/\/www.dievalejuliana.com.br\/blog\/wp-json\/wp\/v2\/media?parent=2"}],"curies":[{"name":"wp","href":"https:\/\/api.w.org\/{rel}","templated":true}]}}