{"id":35,"date":"2022-08-01T15:24:08","date_gmt":"2022-08-01T18:24:08","guid":{"rendered":"http:\/\/www.dievalejuliana.com.br\/blog\/?page_id=35"},"modified":"2022-08-01T16:09:54","modified_gmt":"2022-08-01T19:09:54","slug":"carta-aberta","status":"publish","type":"page","link":"https:\/\/www.dievalejuliana.com.br\/blog\/apresentacao\/carta-aberta\/","title":{"rendered":"Carta Aberta a Comunidade do SEPT\/UFPR"},"content":{"rendered":"\n<p>Ol\u00e1! Esperamos encontr\u00e1-los bem. Compreendemos que todos apresentamos sinais de cansa\u00e7o, em maior ou menor grau, e que igualmente estamos muito atarefados com as diversidades decorrentes da pandemia, da polariza\u00e7\u00e3o pol\u00edtica e das pol\u00edticas institucionais. Entretanto, precisamos reunir for\u00e7as e esfor\u00e7os para manter e aprimorar nossos espa\u00e7os de trabalho e conviv\u00eancia na UFPR.<\/p>\n\n\n\n<p>Os desafios da gest\u00e3o acad\u00eamica para os pr\u00f3ximos anos ser\u00e3o enormes, com expectativas financeiras praticamente inexistentes e amplia\u00e7\u00e3o do quadro de servidores improv\u00e1vel.<\/p>\n\n\n\n<p>A implanta\u00e7\u00e3o da curriculariza\u00e7\u00e3o da extens\u00e3o e a redu\u00e7\u00e3o na demanda de alunos ingressantes dever\u00e3o ter destaque, em especial, nos dois primeiros anos da Gest\u00e3o 2022 a 2026. Ao compararmos os dados do INEP do Censo Escolar<a href=\"#_ftn1\" id=\"_ftnref1\">[1]<\/a> de 2019 com os dados de 2021, podemos observar que o Brasil teve um crescimento de 4% no n\u00famero de alunos no ensino m\u00e9dio, enquanto Curitiba teve uma redu\u00e7\u00e3o de 20% em seus n\u00fameros, somando-se a isso as quest\u00f5es de emprego. Portanto, devemos aproveitar que a demanda tende a encolher, para nos reorganizarmos, aprimorarmos nossos cursos e desenvolvermos a cultura da extens\u00e3o como parte das atividades de ensino na gradua\u00e7\u00e3o. Para isso, precisaremos, acima de tudo, do envolvimento de toda comunidade acad\u00eamica, bem como o estreitamento das rela\u00e7\u00f5es com a comunidade externa. Em rela\u00e7\u00e3o \u00e0 demanda nos cursos, a nossa expectativa \u00e9 que ela volte a crescer a partir de 2025.<\/p>\n\n\n\n<p>Outra grande preocupa\u00e7\u00e3o que temos est\u00e1 relacionada aos indiv\u00edduos. Compreendemos que muitas pessoas enfrentam um processo de luto pand\u00eamico e que as oportunidades para superar as perdas foram pequenas. Dessa forma, pretendemos que o SEPT seja um lugar de aprendizado, mas tamb\u00e9m de acolhimento, que fomente e favore\u00e7a a conviv\u00eancia, a troca de experi\u00eancias e d\u00ea oportunidades para a forma\u00e7\u00e3o e fortalecimento das rela\u00e7\u00f5es pessoais.<\/p>\n\n\n\n<p>Nesse contexto, precisaremos continuar investindo na melhora do planejamento e dos processos administrativos. Precisamos ampliar a nossa capacidade de organiza\u00e7\u00e3o e contaremos com todos para definirmos as metas e os objetivos de curto, m\u00e9dio e longo prazo para elaborarmos os planos, definirmos prioridades de investimento e trabalharmos a partir da revis\u00e3o cont\u00ednua dos processos internos do setor.<\/p>\n\n\n\n<p>Assumimos o compromisso de:<\/p>\n\n\n\n<ol class=\"wp-block-list\" type=\"1\"><li>Fortalecer e defender a democracia e o processo democr\u00e1tico, respeitando as normas internas e as legisla\u00e7\u00f5es vigentes;<\/li><li>Manter e fortalecer as decis\u00f5es colegiadas;<\/li><li>Preservar, apoiar e ampliar os cursos do setor;<\/li><li>Respeitar as necessidades e interesses pessoais, dentro da legalidade e de forma a n\u00e3o comprometer o funcionamento dos nossos cursos e do setor;<\/li><li>Promover, manter e aprimorar o inter-relacionamento pessoal;<\/li><li>Manter e promover a gest\u00e3o financeira participativa e transparente;<\/li><li>Promover o debate de ideias, buscando o fortalecimento do pensamento cr\u00edtico e do conhecimento cient\u00edfico;<\/li><li>Combater o obscurantismo;<\/li><li>Promover uma comunidade ativa e participativa;<\/li><li>Alinhar as a\u00e7\u00f5es do Setor \u00e0 Agenda 2030, um plano de a\u00e7\u00f5es desenvolvido no \u00e2mbito da Organiza\u00e7\u00e3o das Na\u00e7\u00f5es Unidas visando a erradica\u00e7\u00e3o da pobreza e a promo\u00e7\u00e3o do desenvolvimento econ\u00f4mico, social e ambiental em escala global at\u00e9 o ano 2030.<\/li><\/ol>\n\n\n\n<hr class=\"wp-block-separator has-alpha-channel-opacity\"\/>\n\n\n\n<p><a id=\"_ftn1\" href=\"#_ftnref1\">[1]<\/a> INEP \u2013 Censo Escola 2019 e 2021, dispon\u00edvel em <a href=\"https:\/\/www.gov.br\/inep\/pt-br\/areas-de-atuacao\/pesquisas-estatisticas-e-indicadores\/censo-escolar\/resultados\">https:\/\/www.gov.br\/inep\/pt-br\/areas-de-atuacao\/pesquisas-estatisticas-e-indicadores\/censo-escolar\/resultados<\/a><\/p>\n\n\n\n<p>Vejam <a href=\"https:\/\/www.dievalejuliana.com.br\/blog\/nossas-propostas\/\" data-type=\"URL\" data-id=\"https:\/\/www.dievalejuliana.com.br\/blog\/nossas-propostas\/\">nossas propostas<\/a>.<\/p>\n","protected":false},"excerpt":{"rendered":"<p>Ol\u00e1! Esperamos encontr\u00e1-los bem. Compreendemos que todos apresentamos sinais de cansa\u00e7o, em maior ou menor grau, e que igualmente estamos muito atarefados com as diversidades decorrentes da pandemia, da polariza\u00e7\u00e3o&#8230;<\/p>\n","protected":false},"author":1,"featured_media":0,"parent":2,"menu_order":1,"comment_status":"closed","ping_status":"closed","template":"","meta":{"footnotes":""},"class_list":["post-35","page","type-page","status-publish","hentry","entry"],"_links":{"self":[{"href":"https:\/\/www.dievalejuliana.com.br\/blog\/wp-json\/wp\/v2\/pages\/35","targetHints":{"allow":["GET"]}}],"collection":[{"href":"https:\/\/www.dievalejuliana.com.br\/blog\/wp-json\/wp\/v2\/pages"}],"about":[{"href":"https:\/\/www.dievalejuliana.com.br\/blog\/wp-json\/wp\/v2\/types\/page"}],"author":[{"embeddable":true,"href":"https:\/\/www.dievalejuliana.com.br\/blog\/wp-json\/wp\/v2\/users\/1"}],"replies":[{"embeddable":true,"href":"https:\/\/www.dievalejuliana.com.br\/blog\/wp-json\/wp\/v2\/comments?post=35"}],"version-history":[{"count":2,"href":"https:\/\/www.dievalejuliana.com.br\/blog\/wp-json\/wp\/v2\/pages\/35\/revisions"}],"predecessor-version":[{"id":76,"href":"https:\/\/www.dievalejuliana.com.br\/blog\/wp-json\/wp\/v2\/pages\/35\/revisions\/76"}],"up":[{"embeddable":true,"href":"https:\/\/www.dievalejuliana.com.br\/blog\/wp-json\/wp\/v2\/pages\/2"}],"wp:attachment":[{"href":"https:\/\/www.dievalejuliana.com.br\/blog\/wp-json\/wp\/v2\/media?parent=35"}],"curies":[{"name":"wp","href":"https:\/\/api.w.org\/{rel}","templated":true}]}}